{"id":935,"date":"2021-09-28T15:36:35","date_gmt":"2021-09-28T13:36:35","guid":{"rendered":"https:\/\/stadtfuehrung-olpe.de\/?page_id=935"},"modified":"2021-11-17T16:29:53","modified_gmt":"2021-11-17T15:29:53","slug":"audio-fuehrung-fuer-sehgeschaedigte","status":"publish","type":"page","link":"https:\/\/stadtfuehrung-olpe.de\/en\/audio-fuehrung-fuer-sehgeschaedigte\/","title":{"rendered":"Audio-F\u00fchrung f\u00fcr Sehgesch\u00e4digte"},"content":{"rendered":"","protected":false},"excerpt":{"rendered":"","protected":false},"author":1,"featured_media":0,"parent":0,"menu_order":0,"comment_status":"closed","ping_status":"closed","template":"template-audiofuehrung.php","meta":{"wp_typography_post_enhancements_disabled":false,"footnotes":""},"class_list":["post-935","page","type-page","status-publish","hentry"],"acf":[],"_links":{"self":[{"href":"https:\/\/stadtfuehrung-olpe.de\/en\/wp-json\/wp\/v2\/pages\/935","targetHints":{"allow":["GET"]}}],"collection":[{"href":"https:\/\/stadtfuehrung-olpe.de\/en\/wp-json\/wp\/v2\/pages"}],"about":[{"href":"https:\/\/stadtfuehrung-olpe.de\/en\/wp-json\/wp\/v2\/types\/page"}],"author":[{"embeddable":true,"href":"https:\/\/stadtfuehrung-olpe.de\/en\/wp-json\/wp\/v2\/users\/1"}],"replies":[{"embeddable":true,"href":"https:\/\/stadtfuehrung-olpe.de\/en\/wp-json\/wp\/v2\/comments?post=935"}],"version-history":[{"count":7,"href":"https:\/\/stadtfuehrung-olpe.de\/en\/wp-json\/wp\/v2\/pages\/935\/revisions"}],"predecessor-version":[{"id":1692,"href":"https:\/\/stadtfuehrung-olpe.de\/en\/wp-json\/wp\/v2\/pages\/935\/revisions\/1692"}],"wp:attachment":[{"href":"https:\/\/stadtfuehrung-olpe.de\/en\/wp-json\/wp\/v2\/media?parent=935"}],"curies":[{"name":"wp","href":"https:\/\/api.w.org\/{rel}","templated":true}]}}